{"id":4402,"date":"2022-01-19T16:54:54","date_gmt":"2022-01-19T15:54:54","guid":{"rendered":"https:\/\/farmerjoe.com\/datenschutzerklaerung\/"},"modified":"2022-01-20T09:20:51","modified_gmt":"2022-01-20T08:20:51","slug":"datenschutzerklaerung","status":"publish","type":"page","link":"https:\/\/farmerjoe.com\/cs\/datenschutzerklaerung\/","title":{"rendered":"Z\u00e1sady ochrany osobn\u00edch \u00fadaj\u016f"},"content":{"rendered":"","protected":false},"excerpt":{"rendered":"<p> [&#8230;]<\/p>\n<p><a class=\"btn btn-secondary understrap-read-more-link\" href=\"https:\/\/farmerjoe.com\/cs\/datenschutzerklaerung\/\">Read More&#8230;<\/a><\/p>\n","protected":false},"author":1,"featured_media":0,"parent":0,"menu_order":0,"comment_status":"closed","ping_status":"open","template":"","meta":{"content-type":"","footnotes":""},"class_list":["post-4402","page","type-page","status-publish","hentry"],"acf":[],"yoast_head":"<!-- This site is optimized with the Yoast SEO plugin v26.1.1 - https:\/\/yoast.com\/wordpress\/plugins\/seo\/ -->\n<title>Z\u00e1sady ochrany osobn\u00edch \u00fadaj\u016f - farmerJoe - Agrarproduktion in einer App<\/title>\n<meta name=\"robots\" content=\"noindex, follow\" \/>\n<meta property=\"og:locale\" content=\"cs_CZ\" \/>\n<meta property=\"og:type\" content=\"article\" \/>\n<meta property=\"og:title\" content=\"Z\u00e1sady ochrany osobn\u00edch \u00fadaj\u016f - farmerJoe - Agrarproduktion in einer App\" \/>\n<meta property=\"og:description\" content=\"[...]Read More...\" \/>\n<meta property=\"og:url\" content=\"https:\/\/farmerjoe.com\/cs\/datenschutzerklaerung\/\" \/>\n<meta property=\"og:site_name\" content=\"farmerJoe - Agrarproduktion in einer App\" \/>\n<meta property=\"article:publisher\" content=\"https:\/\/www.facebook.com\/farmerjoecom\/\" \/>\n<meta property=\"article:modified_time\" content=\"2022-01-20T08:20:51+00:00\" \/>\n<meta property=\"og:image\" content=\"https:\/\/farmerjoe.com\/wp-content\/uploads\/2022\/01\/Logo.png\" \/>\n\t<meta property=\"og:image:width\" content=\"508\" \/>\n\t<meta property=\"og:image:height\" content=\"508\" \/>\n\t<meta property=\"og:image:type\" content=\"image\/png\" \/>\n<meta name=\"twitter:card\" content=\"summary_large_image\" \/>\n<script type=\"application\/ld+json\" class=\"yoast-schema-graph\">{\"@context\":\"https:\/\/schema.org\",\"@graph\":[{\"@type\":\"WebPage\",\"@id\":\"https:\/\/farmerjoe.com\/cs\/datenschutzerklaerung\/\",\"url\":\"https:\/\/farmerjoe.com\/cs\/datenschutzerklaerung\/\",\"name\":\"Z\u00e1sady ochrany osobn\u00edch \u00fadaj\u016f - farmerJoe - Agrarproduktion in einer App\",\"isPartOf\":{\"@id\":\"https:\/\/farmerjoe.com\/cs\/#website\"},\"datePublished\":\"2022-01-19T15:54:54+00:00\",\"dateModified\":\"2022-01-20T08:20:51+00:00\",\"breadcrumb\":{\"@id\":\"https:\/\/farmerjoe.com\/cs\/datenschutzerklaerung\/#breadcrumb\"},\"inLanguage\":\"cs\",\"potentialAction\":[{\"@type\":\"ReadAction\",\"target\":[\"https:\/\/farmerjoe.com\/cs\/datenschutzerklaerung\/\"]}]},{\"@type\":\"BreadcrumbList\",\"@id\":\"https:\/\/farmerjoe.com\/cs\/datenschutzerklaerung\/#breadcrumb\",\"itemListElement\":[{\"@type\":\"ListItem\",\"position\":1,\"name\":\"Startseite\",\"item\":\"https:\/\/farmerjoe.com\/cs\/startseite\/\"},{\"@type\":\"ListItem\",\"position\":2,\"name\":\"Z\u00e1sady ochrany osobn\u00edch \u00fadaj\u016f\"}]},{\"@type\":\"WebSite\",\"@id\":\"https:\/\/farmerjoe.com\/cs\/#website\",\"url\":\"https:\/\/farmerjoe.com\/cs\/\",\"name\":\"farmerJoe - Agrarproduktion in einer App\",\"description\":\"farmerJoe App f\u00fcr Agrarproduktion\",\"publisher\":{\"@id\":\"https:\/\/farmerjoe.com\/cs\/#organization\"},\"potentialAction\":[{\"@type\":\"SearchAction\",\"target\":{\"@type\":\"EntryPoint\",\"urlTemplate\":\"https:\/\/farmerjoe.com\/cs\/?s={search_term_string}\"},\"query-input\":{\"@type\":\"PropertyValueSpecification\",\"valueRequired\":true,\"valueName\":\"search_term_string\"}}],\"inLanguage\":\"cs\"},{\"@type\":\"Organization\",\"@id\":\"https:\/\/farmerjoe.com\/cs\/#organization\",\"name\":\"farmerJoe App\",\"url\":\"https:\/\/farmerjoe.com\/cs\/\",\"logo\":{\"@type\":\"ImageObject\",\"inLanguage\":\"cs\",\"@id\":\"https:\/\/farmerjoe.com\/cs\/#\/schema\/logo\/image\/\",\"url\":\"https:\/\/farmerjoe.com\/wp-content\/uploads\/2021\/12\/farmerjoe-logo.svg\",\"contentUrl\":\"https:\/\/farmerjoe.com\/wp-content\/uploads\/2021\/12\/farmerjoe-logo.svg\",\"width\":289,\"height\":49,\"caption\":\"farmerJoe App\"},\"image\":{\"@id\":\"https:\/\/farmerjoe.com\/cs\/#\/schema\/logo\/image\/\"},\"sameAs\":[\"https:\/\/www.facebook.com\/farmerjoecom\/\",\"https:\/\/www.instagram.com\/farmerjoecom\/\",\"https:\/\/www.linkedin.com\/company\/18882521\/\",\"https:\/\/www.youtube.com\/channel\/UCVlFJOU-LFLlA6xOwsAy6kQ\"]}]}<\/script>\n<!-- \/ Yoast SEO plugin. -->","yoast_head_json":{"title":"Z\u00e1sady ochrany osobn\u00edch \u00fadaj\u016f - farmerJoe - Agrarproduktion in einer App","robots":{"index":"noindex","follow":"follow"},"og_locale":"cs_CZ","og_type":"article","og_title":"Z\u00e1sady ochrany osobn\u00edch \u00fadaj\u016f - farmerJoe - Agrarproduktion in einer App","og_description":"[...]Read More...","og_url":"https:\/\/farmerjoe.com\/cs\/datenschutzerklaerung\/","og_site_name":"farmerJoe - Agrarproduktion in einer App","article_publisher":"https:\/\/www.facebook.com\/farmerjoecom\/","article_modified_time":"2022-01-20T08:20:51+00:00","og_image":[{"width":508,"height":508,"url":"https:\/\/farmerjoe.com\/wp-content\/uploads\/2022\/01\/Logo.png","type":"image\/png"}],"twitter_card":"summary_large_image","schema":{"@context":"https:\/\/schema.org","@graph":[{"@type":"WebPage","@id":"https:\/\/farmerjoe.com\/cs\/datenschutzerklaerung\/","url":"https:\/\/farmerjoe.com\/cs\/datenschutzerklaerung\/","name":"Z\u00e1sady ochrany osobn\u00edch \u00fadaj\u016f - farmerJoe - Agrarproduktion in einer App","isPartOf":{"@id":"https:\/\/farmerjoe.com\/cs\/#website"},"datePublished":"2022-01-19T15:54:54+00:00","dateModified":"2022-01-20T08:20:51+00:00","breadcrumb":{"@id":"https:\/\/farmerjoe.com\/cs\/datenschutzerklaerung\/#breadcrumb"},"inLanguage":"cs","potentialAction":[{"@type":"ReadAction","target":["https:\/\/farmerjoe.com\/cs\/datenschutzerklaerung\/"]}]},{"@type":"BreadcrumbList","@id":"https:\/\/farmerjoe.com\/cs\/datenschutzerklaerung\/#breadcrumb","itemListElement":[{"@type":"ListItem","position":1,"name":"Startseite","item":"https:\/\/farmerjoe.com\/cs\/startseite\/"},{"@type":"ListItem","position":2,"name":"Z\u00e1sady ochrany osobn\u00edch \u00fadaj\u016f"}]},{"@type":"WebSite","@id":"https:\/\/farmerjoe.com\/cs\/#website","url":"https:\/\/farmerjoe.com\/cs\/","name":"farmerJoe - Agrarproduktion in einer App","description":"farmerJoe App f\u00fcr Agrarproduktion","publisher":{"@id":"https:\/\/farmerjoe.com\/cs\/#organization"},"potentialAction":[{"@type":"SearchAction","target":{"@type":"EntryPoint","urlTemplate":"https:\/\/farmerjoe.com\/cs\/?s={search_term_string}"},"query-input":{"@type":"PropertyValueSpecification","valueRequired":true,"valueName":"search_term_string"}}],"inLanguage":"cs"},{"@type":"Organization","@id":"https:\/\/farmerjoe.com\/cs\/#organization","name":"farmerJoe App","url":"https:\/\/farmerjoe.com\/cs\/","logo":{"@type":"ImageObject","inLanguage":"cs","@id":"https:\/\/farmerjoe.com\/cs\/#\/schema\/logo\/image\/","url":"https:\/\/farmerjoe.com\/wp-content\/uploads\/2021\/12\/farmerjoe-logo.svg","contentUrl":"https:\/\/farmerjoe.com\/wp-content\/uploads\/2021\/12\/farmerjoe-logo.svg","width":289,"height":49,"caption":"farmerJoe App"},"image":{"@id":"https:\/\/farmerjoe.com\/cs\/#\/schema\/logo\/image\/"},"sameAs":["https:\/\/www.facebook.com\/farmerjoecom\/","https:\/\/www.instagram.com\/farmerjoecom\/","https:\/\/www.linkedin.com\/company\/18882521\/","https:\/\/www.youtube.com\/channel\/UCVlFJOU-LFLlA6xOwsAy6kQ"]}]}},"_links":{"self":[{"href":"https:\/\/farmerjoe.com\/cs\/wp-json\/wp\/v2\/pages\/4402","targetHints":{"allow":["GET"]}}],"collection":[{"href":"https:\/\/farmerjoe.com\/cs\/wp-json\/wp\/v2\/pages"}],"about":[{"href":"https:\/\/farmerjoe.com\/cs\/wp-json\/wp\/v2\/types\/page"}],"author":[{"embeddable":true,"href":"https:\/\/farmerjoe.com\/cs\/wp-json\/wp\/v2\/users\/1"}],"replies":[{"embeddable":true,"href":"https:\/\/farmerjoe.com\/cs\/wp-json\/wp\/v2\/comments?post=4402"}],"version-history":[{"count":3,"href":"https:\/\/farmerjoe.com\/cs\/wp-json\/wp\/v2\/pages\/4402\/revisions"}],"predecessor-version":[{"id":4457,"href":"https:\/\/farmerjoe.com\/cs\/wp-json\/wp\/v2\/pages\/4402\/revisions\/4457"}],"wp:attachment":[{"href":"https:\/\/farmerjoe.com\/cs\/wp-json\/wp\/v2\/media?parent=4402"}],"curies":[{"name":"wp","href":"https:\/\/api.w.org\/{rel}","templated":true}]}}