{"id":4411,"date":"2022-01-19T23:09:41","date_gmt":"2022-01-19T22:09:41","guid":{"rendered":"https:\/\/farmerjoe.com\/mista\/"},"modified":"2022-01-19T23:09:43","modified_gmt":"2022-01-19T22:09:43","slug":"mista","status":"publish","type":"page","link":"https:\/\/farmerjoe.com\/cs\/mista\/","title":{"rendered":"M\u00edsta"},"content":{"rendered":"","protected":false},"excerpt":{"rendered":"<p> [&#8230;]<\/p>\n<p><a class=\"btn btn-secondary understrap-read-more-link\" href=\"https:\/\/farmerjoe.com\/cs\/mista\/\">Read More&#8230;<\/a><\/p>\n","protected":false},"author":1,"featured_media":0,"parent":0,"menu_order":0,"comment_status":"closed","ping_status":"closed","template":"","meta":{"content-type":"","footnotes":""},"class_list":["post-4411","page","type-page","status-publish","hentry"],"acf":[],"yoast_head":"<!-- This site is optimized with the Yoast SEO plugin v26.1.1 - https:\/\/yoast.com\/wordpress\/plugins\/seo\/ -->\n<title>Um\u00edst\u011bn\u00ed farm\u00e1\u0159e Joe - Tady jsme doma!<\/title>\n<meta name=\"description\" content=\"farmerJoe m\u00e1 pobo\u010dky v Heidelbergu na Albert-\u00dcberle Strasse 18 a v Berl\u00edn\u011b na Kastanienallee 32.\" \/>\n<meta name=\"robots\" content=\"index, follow, max-snippet:-1, max-image-preview:large, max-video-preview:-1\" \/>\n<link rel=\"canonical\" href=\"https:\/\/farmerjoe.com\/cs\/mista\/\" \/>\n<meta property=\"og:locale\" content=\"cs_CZ\" \/>\n<meta property=\"og:type\" content=\"article\" \/>\n<meta property=\"og:title\" content=\"Um\u00edst\u011bn\u00ed farm\u00e1\u0159e Joe - Tady jsme doma!\" \/>\n<meta property=\"og:description\" content=\"farmerJoe m\u00e1 pobo\u010dky v Heidelbergu na Albert-\u00dcberle Strasse 18 a v Berl\u00edn\u011b na Kastanienallee 32.\" \/>\n<meta property=\"og:url\" content=\"https:\/\/farmerjoe.com\/cs\/mista\/\" \/>\n<meta property=\"og:site_name\" content=\"farmerJoe - Agrarproduktion in einer App\" \/>\n<meta property=\"article:publisher\" content=\"https:\/\/www.facebook.com\/farmerjoecom\/\" \/>\n<meta property=\"article:modified_time\" content=\"2022-01-19T22:09:43+00:00\" \/>\n<meta property=\"og:image\" content=\"https:\/\/farmerjoe.com\/wp-content\/uploads\/2022\/01\/Logo.png\" \/>\n\t<meta property=\"og:image:width\" content=\"508\" \/>\n\t<meta property=\"og:image:height\" content=\"508\" \/>\n\t<meta property=\"og:image:type\" content=\"image\/png\" \/>\n<meta name=\"twitter:card\" content=\"summary_large_image\" \/>\n<script type=\"application\/ld+json\" class=\"yoast-schema-graph\">{\"@context\":\"https:\/\/schema.org\",\"@graph\":[{\"@type\":\"WebPage\",\"@id\":\"https:\/\/farmerjoe.com\/cs\/mista\/\",\"url\":\"https:\/\/farmerjoe.com\/cs\/mista\/\",\"name\":\"Um\u00edst\u011bn\u00ed farm\u00e1\u0159e Joe - Tady jsme doma!\",\"isPartOf\":{\"@id\":\"https:\/\/farmerjoe.com\/cs\/#website\"},\"datePublished\":\"2022-01-19T22:09:41+00:00\",\"dateModified\":\"2022-01-19T22:09:43+00:00\",\"description\":\"farmerJoe m\u00e1 pobo\u010dky v Heidelbergu na Albert-\u00dcberle Strasse 18 a v Berl\u00edn\u011b na Kastanienallee 32.\",\"breadcrumb\":{\"@id\":\"https:\/\/farmerjoe.com\/cs\/mista\/#breadcrumb\"},\"inLanguage\":\"cs\",\"potentialAction\":[{\"@type\":\"ReadAction\",\"target\":[\"https:\/\/farmerjoe.com\/cs\/mista\/\"]}]},{\"@type\":\"BreadcrumbList\",\"@id\":\"https:\/\/farmerjoe.com\/cs\/mista\/#breadcrumb\",\"itemListElement\":[{\"@type\":\"ListItem\",\"position\":1,\"name\":\"Startseite\",\"item\":\"https:\/\/farmerjoe.com\/cs\/startseite\/\"},{\"@type\":\"ListItem\",\"position\":2,\"name\":\"M\u00edsta\"}]},{\"@type\":\"WebSite\",\"@id\":\"https:\/\/farmerjoe.com\/cs\/#website\",\"url\":\"https:\/\/farmerjoe.com\/cs\/\",\"name\":\"farmerJoe - Agrarproduktion in einer App\",\"description\":\"farmerJoe App f\u00fcr Agrarproduktion\",\"publisher\":{\"@id\":\"https:\/\/farmerjoe.com\/cs\/#organization\"},\"potentialAction\":[{\"@type\":\"SearchAction\",\"target\":{\"@type\":\"EntryPoint\",\"urlTemplate\":\"https:\/\/farmerjoe.com\/cs\/?s={search_term_string}\"},\"query-input\":{\"@type\":\"PropertyValueSpecification\",\"valueRequired\":true,\"valueName\":\"search_term_string\"}}],\"inLanguage\":\"cs\"},{\"@type\":\"Organization\",\"@id\":\"https:\/\/farmerjoe.com\/cs\/#organization\",\"name\":\"farmerJoe App\",\"url\":\"https:\/\/farmerjoe.com\/cs\/\",\"logo\":{\"@type\":\"ImageObject\",\"inLanguage\":\"cs\",\"@id\":\"https:\/\/farmerjoe.com\/cs\/#\/schema\/logo\/image\/\",\"url\":\"https:\/\/farmerjoe.com\/wp-content\/uploads\/2021\/12\/farmerjoe-logo.svg\",\"contentUrl\":\"https:\/\/farmerjoe.com\/wp-content\/uploads\/2021\/12\/farmerjoe-logo.svg\",\"width\":289,\"height\":49,\"caption\":\"farmerJoe App\"},\"image\":{\"@id\":\"https:\/\/farmerjoe.com\/cs\/#\/schema\/logo\/image\/\"},\"sameAs\":[\"https:\/\/www.facebook.com\/farmerjoecom\/\",\"https:\/\/www.instagram.com\/farmerjoecom\/\",\"https:\/\/www.linkedin.com\/company\/18882521\/\",\"https:\/\/www.youtube.com\/channel\/UCVlFJOU-LFLlA6xOwsAy6kQ\"]}]}<\/script>\n<!-- \/ Yoast SEO plugin. -->","yoast_head_json":{"title":"Um\u00edst\u011bn\u00ed farm\u00e1\u0159e Joe - Tady jsme doma!","description":"farmerJoe m\u00e1 pobo\u010dky v Heidelbergu na Albert-\u00dcberle Strasse 18 a v Berl\u00edn\u011b na Kastanienallee 32.","robots":{"index":"index","follow":"follow","max-snippet":"max-snippet:-1","max-image-preview":"max-image-preview:large","max-video-preview":"max-video-preview:-1"},"canonical":"https:\/\/farmerjoe.com\/cs\/mista\/","og_locale":"cs_CZ","og_type":"article","og_title":"Um\u00edst\u011bn\u00ed farm\u00e1\u0159e Joe - Tady jsme doma!","og_description":"farmerJoe m\u00e1 pobo\u010dky v Heidelbergu na Albert-\u00dcberle Strasse 18 a v Berl\u00edn\u011b na Kastanienallee 32.","og_url":"https:\/\/farmerjoe.com\/cs\/mista\/","og_site_name":"farmerJoe - Agrarproduktion in einer App","article_publisher":"https:\/\/www.facebook.com\/farmerjoecom\/","article_modified_time":"2022-01-19T22:09:43+00:00","og_image":[{"width":508,"height":508,"url":"https:\/\/farmerjoe.com\/wp-content\/uploads\/2022\/01\/Logo.png","type":"image\/png"}],"twitter_card":"summary_large_image","schema":{"@context":"https:\/\/schema.org","@graph":[{"@type":"WebPage","@id":"https:\/\/farmerjoe.com\/cs\/mista\/","url":"https:\/\/farmerjoe.com\/cs\/mista\/","name":"Um\u00edst\u011bn\u00ed farm\u00e1\u0159e Joe - Tady jsme doma!","isPartOf":{"@id":"https:\/\/farmerjoe.com\/cs\/#website"},"datePublished":"2022-01-19T22:09:41+00:00","dateModified":"2022-01-19T22:09:43+00:00","description":"farmerJoe m\u00e1 pobo\u010dky v Heidelbergu na Albert-\u00dcberle Strasse 18 a v Berl\u00edn\u011b na Kastanienallee 32.","breadcrumb":{"@id":"https:\/\/farmerjoe.com\/cs\/mista\/#breadcrumb"},"inLanguage":"cs","potentialAction":[{"@type":"ReadAction","target":["https:\/\/farmerjoe.com\/cs\/mista\/"]}]},{"@type":"BreadcrumbList","@id":"https:\/\/farmerjoe.com\/cs\/mista\/#breadcrumb","itemListElement":[{"@type":"ListItem","position":1,"name":"Startseite","item":"https:\/\/farmerjoe.com\/cs\/startseite\/"},{"@type":"ListItem","position":2,"name":"M\u00edsta"}]},{"@type":"WebSite","@id":"https:\/\/farmerjoe.com\/cs\/#website","url":"https:\/\/farmerjoe.com\/cs\/","name":"farmerJoe - Agrarproduktion in einer App","description":"farmerJoe App f\u00fcr Agrarproduktion","publisher":{"@id":"https:\/\/farmerjoe.com\/cs\/#organization"},"potentialAction":[{"@type":"SearchAction","target":{"@type":"EntryPoint","urlTemplate":"https:\/\/farmerjoe.com\/cs\/?s={search_term_string}"},"query-input":{"@type":"PropertyValueSpecification","valueRequired":true,"valueName":"search_term_string"}}],"inLanguage":"cs"},{"@type":"Organization","@id":"https:\/\/farmerjoe.com\/cs\/#organization","name":"farmerJoe App","url":"https:\/\/farmerjoe.com\/cs\/","logo":{"@type":"ImageObject","inLanguage":"cs","@id":"https:\/\/farmerjoe.com\/cs\/#\/schema\/logo\/image\/","url":"https:\/\/farmerjoe.com\/wp-content\/uploads\/2021\/12\/farmerjoe-logo.svg","contentUrl":"https:\/\/farmerjoe.com\/wp-content\/uploads\/2021\/12\/farmerjoe-logo.svg","width":289,"height":49,"caption":"farmerJoe App"},"image":{"@id":"https:\/\/farmerjoe.com\/cs\/#\/schema\/logo\/image\/"},"sameAs":["https:\/\/www.facebook.com\/farmerjoecom\/","https:\/\/www.instagram.com\/farmerjoecom\/","https:\/\/www.linkedin.com\/company\/18882521\/","https:\/\/www.youtube.com\/channel\/UCVlFJOU-LFLlA6xOwsAy6kQ"]}]}},"_links":{"self":[{"href":"https:\/\/farmerjoe.com\/cs\/wp-json\/wp\/v2\/pages\/4411","targetHints":{"allow":["GET"]}}],"collection":[{"href":"https:\/\/farmerjoe.com\/cs\/wp-json\/wp\/v2\/pages"}],"about":[{"href":"https:\/\/farmerjoe.com\/cs\/wp-json\/wp\/v2\/types\/page"}],"author":[{"embeddable":true,"href":"https:\/\/farmerjoe.com\/cs\/wp-json\/wp\/v2\/users\/1"}],"replies":[{"embeddable":true,"href":"https:\/\/farmerjoe.com\/cs\/wp-json\/wp\/v2\/comments?post=4411"}],"version-history":[{"count":1,"href":"https:\/\/farmerjoe.com\/cs\/wp-json\/wp\/v2\/pages\/4411\/revisions"}],"predecessor-version":[{"id":4412,"href":"https:\/\/farmerjoe.com\/cs\/wp-json\/wp\/v2\/pages\/4411\/revisions\/4412"}],"wp:attachment":[{"href":"https:\/\/farmerjoe.com\/cs\/wp-json\/wp\/v2\/media?parent=4411"}],"curies":[{"name":"wp","href":"https:\/\/api.w.org\/{rel}","templated":true}]}}