{"id":3674,"date":"2022-01-10T17:46:14","date_gmt":"2022-01-10T16:46:14","guid":{"rendered":"https:\/\/farmerjoe.com\/ubicaciones\/"},"modified":"2022-01-31T14:38:27","modified_gmt":"2022-01-31T13:38:27","slug":"ubicaciones","status":"publish","type":"page","link":"https:\/\/farmerjoe.com\/es\/ubicaciones\/","title":{"rendered":"Ubicaciones"},"content":{"rendered":"","protected":false},"excerpt":{"rendered":"<p> [&#8230;]<\/p>\n<p><a class=\"btn btn-secondary understrap-read-more-link\" href=\"https:\/\/farmerjoe.com\/es\/ubicaciones\/\">Leer m\u00e1s&#8230;<\/a><\/p>\n","protected":false},"author":1,"featured_media":0,"parent":0,"menu_order":0,"comment_status":"closed","ping_status":"closed","template":"","meta":{"content-type":"","footnotes":""},"class_list":["post-3674","page","type-page","status-publish","hentry"],"acf":[],"yoast_head":"<!-- This site is optimized with the Yoast SEO plugin v26.1.1 - https:\/\/yoast.com\/wordpress\/plugins\/seo\/ -->\n<title>Ubicaciones de farmerJoe - \u00a1Aqu\u00ed estamos en casa!<\/title>\n<meta name=\"description\" content=\"farmerJoe tiene sedes en Heidelberg, en la Albert-\u00dcberle Stra\u00dfe 18, y en Berl\u00edn, en la Kastanienallee 32.\" \/>\n<meta name=\"robots\" content=\"index, follow, max-snippet:-1, max-image-preview:large, max-video-preview:-1\" \/>\n<link rel=\"canonical\" href=\"https:\/\/farmerjoe.com\/es\/ubicaciones\/\" \/>\n<meta property=\"og:locale\" content=\"es_ES\" \/>\n<meta property=\"og:type\" content=\"article\" \/>\n<meta property=\"og:title\" content=\"Ubicaciones de farmerJoe - \u00a1Aqu\u00ed estamos en casa!\" \/>\n<meta property=\"og:description\" content=\"farmerJoe tiene sedes en Heidelberg, en la Albert-\u00dcberle Stra\u00dfe 18, y en Berl\u00edn, en la Kastanienallee 32.\" \/>\n<meta property=\"og:url\" content=\"https:\/\/farmerjoe.com\/es\/ubicaciones\/\" \/>\n<meta property=\"og:site_name\" content=\"farmerJoe - Agrarproduktion in einer App\" \/>\n<meta property=\"article:publisher\" content=\"https:\/\/www.facebook.com\/farmerjoecom\/\" \/>\n<meta property=\"article:modified_time\" content=\"2022-01-31T13:38:27+00:00\" \/>\n<meta property=\"og:image\" content=\"https:\/\/farmerjoe.com\/wp-content\/uploads\/2022\/01\/Logo.png\" \/>\n\t<meta property=\"og:image:width\" content=\"508\" \/>\n\t<meta property=\"og:image:height\" content=\"508\" \/>\n\t<meta property=\"og:image:type\" content=\"image\/png\" \/>\n<meta name=\"twitter:card\" content=\"summary_large_image\" \/>\n<script type=\"application\/ld+json\" class=\"yoast-schema-graph\">{\"@context\":\"https:\/\/schema.org\",\"@graph\":[{\"@type\":\"WebPage\",\"@id\":\"https:\/\/farmerjoe.com\/es\/ubicaciones\/\",\"url\":\"https:\/\/farmerjoe.com\/es\/ubicaciones\/\",\"name\":\"Ubicaciones de farmerJoe - \u00a1Aqu\u00ed estamos en casa!\",\"isPartOf\":{\"@id\":\"https:\/\/farmerjoe.com\/es\/#website\"},\"datePublished\":\"2022-01-10T16:46:14+00:00\",\"dateModified\":\"2022-01-31T13:38:27+00:00\",\"description\":\"farmerJoe tiene sedes en Heidelberg, en la Albert-\u00dcberle Stra\u00dfe 18, y en Berl\u00edn, en la Kastanienallee 32.\",\"breadcrumb\":{\"@id\":\"https:\/\/farmerjoe.com\/es\/ubicaciones\/#breadcrumb\"},\"inLanguage\":\"es\",\"potentialAction\":[{\"@type\":\"ReadAction\",\"target\":[\"https:\/\/farmerjoe.com\/es\/ubicaciones\/\"]}]},{\"@type\":\"BreadcrumbList\",\"@id\":\"https:\/\/farmerjoe.com\/es\/ubicaciones\/#breadcrumb\",\"itemListElement\":[{\"@type\":\"ListItem\",\"position\":1,\"name\":\"Startseite\",\"item\":\"https:\/\/farmerjoe.com\/es\/pagina-web\/\"},{\"@type\":\"ListItem\",\"position\":2,\"name\":\"Ubicaciones\"}]},{\"@type\":\"WebSite\",\"@id\":\"https:\/\/farmerjoe.com\/es\/#website\",\"url\":\"https:\/\/farmerjoe.com\/es\/\",\"name\":\"farmerJoe - Agrarproduktion in einer App\",\"description\":\"farmerJoe App f\u00fcr Agrarproduktion\",\"publisher\":{\"@id\":\"https:\/\/farmerjoe.com\/es\/#organization\"},\"potentialAction\":[{\"@type\":\"SearchAction\",\"target\":{\"@type\":\"EntryPoint\",\"urlTemplate\":\"https:\/\/farmerjoe.com\/es\/?s={search_term_string}\"},\"query-input\":{\"@type\":\"PropertyValueSpecification\",\"valueRequired\":true,\"valueName\":\"search_term_string\"}}],\"inLanguage\":\"es\"},{\"@type\":\"Organization\",\"@id\":\"https:\/\/farmerjoe.com\/es\/#organization\",\"name\":\"farmerJoe App\",\"url\":\"https:\/\/farmerjoe.com\/es\/\",\"logo\":{\"@type\":\"ImageObject\",\"inLanguage\":\"es\",\"@id\":\"https:\/\/farmerjoe.com\/es\/#\/schema\/logo\/image\/\",\"url\":\"https:\/\/farmerjoe.com\/wp-content\/uploads\/2021\/12\/farmerjoe-logo.svg\",\"contentUrl\":\"https:\/\/farmerjoe.com\/wp-content\/uploads\/2021\/12\/farmerjoe-logo.svg\",\"width\":289,\"height\":49,\"caption\":\"farmerJoe App\"},\"image\":{\"@id\":\"https:\/\/farmerjoe.com\/es\/#\/schema\/logo\/image\/\"},\"sameAs\":[\"https:\/\/www.facebook.com\/farmerjoecom\/\",\"https:\/\/www.instagram.com\/farmerjoecom\/\",\"https:\/\/www.linkedin.com\/company\/18882521\/\",\"https:\/\/www.youtube.com\/channel\/UCVlFJOU-LFLlA6xOwsAy6kQ\"]}]}<\/script>\n<!-- \/ Yoast SEO plugin. -->","yoast_head_json":{"title":"Ubicaciones de farmerJoe - \u00a1Aqu\u00ed estamos en casa!","description":"farmerJoe tiene sedes en Heidelberg, en la Albert-\u00dcberle Stra\u00dfe 18, y en Berl\u00edn, en la Kastanienallee 32.","robots":{"index":"index","follow":"follow","max-snippet":"max-snippet:-1","max-image-preview":"max-image-preview:large","max-video-preview":"max-video-preview:-1"},"canonical":"https:\/\/farmerjoe.com\/es\/ubicaciones\/","og_locale":"es_ES","og_type":"article","og_title":"Ubicaciones de farmerJoe - \u00a1Aqu\u00ed estamos en casa!","og_description":"farmerJoe tiene sedes en Heidelberg, en la Albert-\u00dcberle Stra\u00dfe 18, y en Berl\u00edn, en la Kastanienallee 32.","og_url":"https:\/\/farmerjoe.com\/es\/ubicaciones\/","og_site_name":"farmerJoe - Agrarproduktion in einer App","article_publisher":"https:\/\/www.facebook.com\/farmerjoecom\/","article_modified_time":"2022-01-31T13:38:27+00:00","og_image":[{"width":508,"height":508,"url":"https:\/\/farmerjoe.com\/wp-content\/uploads\/2022\/01\/Logo.png","type":"image\/png"}],"twitter_card":"summary_large_image","schema":{"@context":"https:\/\/schema.org","@graph":[{"@type":"WebPage","@id":"https:\/\/farmerjoe.com\/es\/ubicaciones\/","url":"https:\/\/farmerjoe.com\/es\/ubicaciones\/","name":"Ubicaciones de farmerJoe - \u00a1Aqu\u00ed estamos en casa!","isPartOf":{"@id":"https:\/\/farmerjoe.com\/es\/#website"},"datePublished":"2022-01-10T16:46:14+00:00","dateModified":"2022-01-31T13:38:27+00:00","description":"farmerJoe tiene sedes en Heidelberg, en la Albert-\u00dcberle Stra\u00dfe 18, y en Berl\u00edn, en la Kastanienallee 32.","breadcrumb":{"@id":"https:\/\/farmerjoe.com\/es\/ubicaciones\/#breadcrumb"},"inLanguage":"es","potentialAction":[{"@type":"ReadAction","target":["https:\/\/farmerjoe.com\/es\/ubicaciones\/"]}]},{"@type":"BreadcrumbList","@id":"https:\/\/farmerjoe.com\/es\/ubicaciones\/#breadcrumb","itemListElement":[{"@type":"ListItem","position":1,"name":"Startseite","item":"https:\/\/farmerjoe.com\/es\/pagina-web\/"},{"@type":"ListItem","position":2,"name":"Ubicaciones"}]},{"@type":"WebSite","@id":"https:\/\/farmerjoe.com\/es\/#website","url":"https:\/\/farmerjoe.com\/es\/","name":"farmerJoe - Agrarproduktion in einer App","description":"farmerJoe App f\u00fcr Agrarproduktion","publisher":{"@id":"https:\/\/farmerjoe.com\/es\/#organization"},"potentialAction":[{"@type":"SearchAction","target":{"@type":"EntryPoint","urlTemplate":"https:\/\/farmerjoe.com\/es\/?s={search_term_string}"},"query-input":{"@type":"PropertyValueSpecification","valueRequired":true,"valueName":"search_term_string"}}],"inLanguage":"es"},{"@type":"Organization","@id":"https:\/\/farmerjoe.com\/es\/#organization","name":"farmerJoe App","url":"https:\/\/farmerjoe.com\/es\/","logo":{"@type":"ImageObject","inLanguage":"es","@id":"https:\/\/farmerjoe.com\/es\/#\/schema\/logo\/image\/","url":"https:\/\/farmerjoe.com\/wp-content\/uploads\/2021\/12\/farmerjoe-logo.svg","contentUrl":"https:\/\/farmerjoe.com\/wp-content\/uploads\/2021\/12\/farmerjoe-logo.svg","width":289,"height":49,"caption":"farmerJoe App"},"image":{"@id":"https:\/\/farmerjoe.com\/es\/#\/schema\/logo\/image\/"},"sameAs":["https:\/\/www.facebook.com\/farmerjoecom\/","https:\/\/www.instagram.com\/farmerjoecom\/","https:\/\/www.linkedin.com\/company\/18882521\/","https:\/\/www.youtube.com\/channel\/UCVlFJOU-LFLlA6xOwsAy6kQ"]}]}},"_links":{"self":[{"href":"https:\/\/farmerjoe.com\/es\/wp-json\/wp\/v2\/pages\/3674","targetHints":{"allow":["GET"]}}],"collection":[{"href":"https:\/\/farmerjoe.com\/es\/wp-json\/wp\/v2\/pages"}],"about":[{"href":"https:\/\/farmerjoe.com\/es\/wp-json\/wp\/v2\/types\/page"}],"author":[{"embeddable":true,"href":"https:\/\/farmerjoe.com\/es\/wp-json\/wp\/v2\/users\/1"}],"replies":[{"embeddable":true,"href":"https:\/\/farmerjoe.com\/es\/wp-json\/wp\/v2\/comments?post=3674"}],"version-history":[{"count":1,"href":"https:\/\/farmerjoe.com\/es\/wp-json\/wp\/v2\/pages\/3674\/revisions"}],"predecessor-version":[{"id":5107,"href":"https:\/\/farmerjoe.com\/es\/wp-json\/wp\/v2\/pages\/3674\/revisions\/5107"}],"wp:attachment":[{"href":"https:\/\/farmerjoe.com\/es\/wp-json\/wp\/v2\/media?parent=3674"}],"curies":[{"name":"wp","href":"https:\/\/api.w.org\/{rel}","templated":true}]}}