{"id":5389,"date":"2022-02-03T14:26:14","date_gmt":"2022-02-03T13:26:14","guid":{"rendered":"https:\/\/farmerjoe.com\/prima-pagina\/"},"modified":"2023-08-09T19:45:26","modified_gmt":"2023-08-09T17:45:26","slug":"prima-pagina","status":"publish","type":"page","link":"https:\/\/farmerjoe.com\/ro\/","title":{"rendered":"Prima pagin\u0103"},"content":{"rendered":"","protected":false},"excerpt":{"rendered":"<p> [&#8230;]<\/p>\n<p><a class=\"btn btn-secondary understrap-read-more-link\" href=\"https:\/\/farmerjoe.com\/ro\/\">Read More&#8230;<\/a><\/p>\n","protected":false},"author":1,"featured_media":0,"parent":0,"menu_order":0,"comment_status":"closed","ping_status":"closed","template":"page-templates\/home.php","meta":{"content-type":"","footnotes":""},"class_list":["post-5389","page","type-page","status-publish","hentry"],"acf":[],"yoast_head":"<!-- This site is optimized with the Yoast SEO plugin v26.1.1 - https:\/\/yoast.com\/wordpress\/plugins\/seo\/ -->\n<title>Produc\u021bia agricol\u0103 \u00eentr-o singur\u0103 aplica\u021bie - farmerJoe<\/title>\n<meta name=\"description\" content=\"Cu ajutorul aplica\u021biei noastre de comunicare \u0219i analiz\u0103 farmerJoe, sprijinim companiile, fermierii \u0219i laboratoarele din \u00eentreaga lume.\" \/>\n<meta name=\"robots\" content=\"index, follow, max-snippet:-1, max-image-preview:large, max-video-preview:-1\" \/>\n<link rel=\"canonical\" href=\"https:\/\/farmerjoe.com\/ro\/\" \/>\n<meta property=\"og:locale\" content=\"ro_RO\" \/>\n<meta property=\"og:type\" content=\"article\" \/>\n<meta property=\"og:title\" content=\"Produc\u021bia agricol\u0103 \u00eentr-o singur\u0103 aplica\u021bie - farmerJoe\" \/>\n<meta property=\"og:description\" content=\"Cu ajutorul aplica\u021biei noastre de comunicare \u0219i analiz\u0103 farmerJoe, sprijinim companiile, fermierii \u0219i laboratoarele din \u00eentreaga lume.\" \/>\n<meta property=\"og:url\" content=\"https:\/\/farmerjoe.com\/ro\/\" \/>\n<meta property=\"og:site_name\" content=\"farmerJoe - Agrarproduktion in einer App\" \/>\n<meta property=\"article:publisher\" content=\"https:\/\/www.facebook.com\/farmerjoecom\/\" \/>\n<meta property=\"article:modified_time\" content=\"2023-08-09T17:45:26+00:00\" \/>\n<meta property=\"og:image\" content=\"https:\/\/farmerjoe.com\/wp-content\/uploads\/2022\/01\/Logo.png\" \/>\n\t<meta property=\"og:image:width\" content=\"508\" \/>\n\t<meta property=\"og:image:height\" content=\"508\" \/>\n\t<meta property=\"og:image:type\" content=\"image\/png\" \/>\n<meta name=\"twitter:card\" content=\"summary_large_image\" \/>\n<script type=\"application\/ld+json\" class=\"yoast-schema-graph\">{\"@context\":\"https:\/\/schema.org\",\"@graph\":[{\"@type\":\"WebPage\",\"@id\":\"https:\/\/farmerjoe.com\/ro\/\",\"url\":\"https:\/\/farmerjoe.com\/ro\/\",\"name\":\"Produc\u021bia agricol\u0103 \u00eentr-o singur\u0103 aplica\u021bie - farmerJoe\",\"isPartOf\":{\"@id\":\"https:\/\/farmerjoe.com\/ro\/#website\"},\"datePublished\":\"2022-02-03T13:26:14+00:00\",\"dateModified\":\"2023-08-09T17:45:26+00:00\",\"description\":\"Cu ajutorul aplica\u021biei noastre de comunicare \u0219i analiz\u0103 farmerJoe, sprijinim companiile, fermierii \u0219i laboratoarele din \u00eentreaga lume.\",\"breadcrumb\":{\"@id\":\"https:\/\/farmerjoe.com\/ro\/#breadcrumb\"},\"inLanguage\":\"ro-RO\",\"potentialAction\":[{\"@type\":\"ReadAction\",\"target\":[\"https:\/\/farmerjoe.com\/ro\/\"]}]},{\"@type\":\"BreadcrumbList\",\"@id\":\"https:\/\/farmerjoe.com\/ro\/#breadcrumb\",\"itemListElement\":[{\"@type\":\"ListItem\",\"position\":1,\"name\":\"Startseite\",\"item\":\"https:\/\/farmerjoe.com\/ro\/\"},{\"@type\":\"ListItem\",\"position\":2,\"name\":\"Prima pagin\u0103\"}]},{\"@type\":\"WebSite\",\"@id\":\"https:\/\/farmerjoe.com\/ro\/#website\",\"url\":\"https:\/\/farmerjoe.com\/ro\/\",\"name\":\"farmerJoe - Agrarproduktion in einer App\",\"description\":\"farmerJoe App f\u00fcr Agrarproduktion\",\"publisher\":{\"@id\":\"https:\/\/farmerjoe.com\/ro\/#organization\"},\"potentialAction\":[{\"@type\":\"SearchAction\",\"target\":{\"@type\":\"EntryPoint\",\"urlTemplate\":\"https:\/\/farmerjoe.com\/ro\/?s={search_term_string}\"},\"query-input\":{\"@type\":\"PropertyValueSpecification\",\"valueRequired\":true,\"valueName\":\"search_term_string\"}}],\"inLanguage\":\"ro-RO\"},{\"@type\":\"Organization\",\"@id\":\"https:\/\/farmerjoe.com\/ro\/#organization\",\"name\":\"farmerJoe App\",\"url\":\"https:\/\/farmerjoe.com\/ro\/\",\"logo\":{\"@type\":\"ImageObject\",\"inLanguage\":\"ro-RO\",\"@id\":\"https:\/\/farmerjoe.com\/ro\/#\/schema\/logo\/image\/\",\"url\":\"https:\/\/farmerjoe.com\/wp-content\/uploads\/2021\/12\/farmerjoe-logo.svg\",\"contentUrl\":\"https:\/\/farmerjoe.com\/wp-content\/uploads\/2021\/12\/farmerjoe-logo.svg\",\"width\":289,\"height\":49,\"caption\":\"farmerJoe App\"},\"image\":{\"@id\":\"https:\/\/farmerjoe.com\/ro\/#\/schema\/logo\/image\/\"},\"sameAs\":[\"https:\/\/www.facebook.com\/farmerjoecom\/\",\"https:\/\/www.instagram.com\/farmerjoecom\/\",\"https:\/\/www.linkedin.com\/company\/18882521\/\",\"https:\/\/www.youtube.com\/channel\/UCVlFJOU-LFLlA6xOwsAy6kQ\"]}]}<\/script>\n<!-- \/ Yoast SEO plugin. -->","yoast_head_json":{"title":"Produc\u021bia agricol\u0103 \u00eentr-o singur\u0103 aplica\u021bie - farmerJoe","description":"Cu ajutorul aplica\u021biei noastre de comunicare \u0219i analiz\u0103 farmerJoe, sprijinim companiile, fermierii \u0219i laboratoarele din \u00eentreaga lume.","robots":{"index":"index","follow":"follow","max-snippet":"max-snippet:-1","max-image-preview":"max-image-preview:large","max-video-preview":"max-video-preview:-1"},"canonical":"https:\/\/farmerjoe.com\/ro\/","og_locale":"ro_RO","og_type":"article","og_title":"Produc\u021bia agricol\u0103 \u00eentr-o singur\u0103 aplica\u021bie - farmerJoe","og_description":"Cu ajutorul aplica\u021biei noastre de comunicare \u0219i analiz\u0103 farmerJoe, sprijinim companiile, fermierii \u0219i laboratoarele din \u00eentreaga lume.","og_url":"https:\/\/farmerjoe.com\/ro\/","og_site_name":"farmerJoe - Agrarproduktion in einer App","article_publisher":"https:\/\/www.facebook.com\/farmerjoecom\/","article_modified_time":"2023-08-09T17:45:26+00:00","og_image":[{"width":508,"height":508,"url":"https:\/\/farmerjoe.com\/wp-content\/uploads\/2022\/01\/Logo.png","type":"image\/png"}],"twitter_card":"summary_large_image","schema":{"@context":"https:\/\/schema.org","@graph":[{"@type":"WebPage","@id":"https:\/\/farmerjoe.com\/ro\/","url":"https:\/\/farmerjoe.com\/ro\/","name":"Produc\u021bia agricol\u0103 \u00eentr-o singur\u0103 aplica\u021bie - farmerJoe","isPartOf":{"@id":"https:\/\/farmerjoe.com\/ro\/#website"},"datePublished":"2022-02-03T13:26:14+00:00","dateModified":"2023-08-09T17:45:26+00:00","description":"Cu ajutorul aplica\u021biei noastre de comunicare \u0219i analiz\u0103 farmerJoe, sprijinim companiile, fermierii \u0219i laboratoarele din \u00eentreaga lume.","breadcrumb":{"@id":"https:\/\/farmerjoe.com\/ro\/#breadcrumb"},"inLanguage":"ro-RO","potentialAction":[{"@type":"ReadAction","target":["https:\/\/farmerjoe.com\/ro\/"]}]},{"@type":"BreadcrumbList","@id":"https:\/\/farmerjoe.com\/ro\/#breadcrumb","itemListElement":[{"@type":"ListItem","position":1,"name":"Startseite","item":"https:\/\/farmerjoe.com\/ro\/"},{"@type":"ListItem","position":2,"name":"Prima pagin\u0103"}]},{"@type":"WebSite","@id":"https:\/\/farmerjoe.com\/ro\/#website","url":"https:\/\/farmerjoe.com\/ro\/","name":"farmerJoe - Agrarproduktion in einer App","description":"farmerJoe App f\u00fcr Agrarproduktion","publisher":{"@id":"https:\/\/farmerjoe.com\/ro\/#organization"},"potentialAction":[{"@type":"SearchAction","target":{"@type":"EntryPoint","urlTemplate":"https:\/\/farmerjoe.com\/ro\/?s={search_term_string}"},"query-input":{"@type":"PropertyValueSpecification","valueRequired":true,"valueName":"search_term_string"}}],"inLanguage":"ro-RO"},{"@type":"Organization","@id":"https:\/\/farmerjoe.com\/ro\/#organization","name":"farmerJoe App","url":"https:\/\/farmerjoe.com\/ro\/","logo":{"@type":"ImageObject","inLanguage":"ro-RO","@id":"https:\/\/farmerjoe.com\/ro\/#\/schema\/logo\/image\/","url":"https:\/\/farmerjoe.com\/wp-content\/uploads\/2021\/12\/farmerjoe-logo.svg","contentUrl":"https:\/\/farmerjoe.com\/wp-content\/uploads\/2021\/12\/farmerjoe-logo.svg","width":289,"height":49,"caption":"farmerJoe App"},"image":{"@id":"https:\/\/farmerjoe.com\/ro\/#\/schema\/logo\/image\/"},"sameAs":["https:\/\/www.facebook.com\/farmerjoecom\/","https:\/\/www.instagram.com\/farmerjoecom\/","https:\/\/www.linkedin.com\/company\/18882521\/","https:\/\/www.youtube.com\/channel\/UCVlFJOU-LFLlA6xOwsAy6kQ"]}]}},"_links":{"self":[{"href":"https:\/\/farmerjoe.com\/ro\/wp-json\/wp\/v2\/pages\/5389","targetHints":{"allow":["GET"]}}],"collection":[{"href":"https:\/\/farmerjoe.com\/ro\/wp-json\/wp\/v2\/pages"}],"about":[{"href":"https:\/\/farmerjoe.com\/ro\/wp-json\/wp\/v2\/types\/page"}],"author":[{"embeddable":true,"href":"https:\/\/farmerjoe.com\/ro\/wp-json\/wp\/v2\/users\/1"}],"replies":[{"embeddable":true,"href":"https:\/\/farmerjoe.com\/ro\/wp-json\/wp\/v2\/comments?post=5389"}],"version-history":[{"count":5,"href":"https:\/\/farmerjoe.com\/ro\/wp-json\/wp\/v2\/pages\/5389\/revisions"}],"predecessor-version":[{"id":11153,"href":"https:\/\/farmerjoe.com\/ro\/wp-json\/wp\/v2\/pages\/5389\/revisions\/11153"}],"wp:attachment":[{"href":"https:\/\/farmerjoe.com\/ro\/wp-json\/wp\/v2\/media?parent=5389"}],"curies":[{"name":"wp","href":"https:\/\/api.w.org\/{rel}","templated":true}]}}