{"id":5241,"date":"2022-02-02T16:01:19","date_gmt":"2022-02-02T15:01:19","guid":{"rendered":"https:\/\/farmerjoe.com\/domovska-stranka\/"},"modified":"2023-08-09T19:46:04","modified_gmt":"2023-08-09T17:46:04","slug":"domovska-stranka","status":"publish","type":"page","link":"https:\/\/farmerjoe.com\/sk\/","title":{"rendered":"Domovsk\u00e1 str\u00e1nka"},"content":{"rendered":"","protected":false},"excerpt":{"rendered":"<p> [&#8230;]<\/p>\n<p><a class=\"btn btn-secondary understrap-read-more-link\" href=\"https:\/\/farmerjoe.com\/sk\/\">Read More&#8230;<\/a><\/p>\n","protected":false},"author":1,"featured_media":0,"parent":0,"menu_order":0,"comment_status":"closed","ping_status":"closed","template":"page-templates\/home.php","meta":{"content-type":"","footnotes":""},"class_list":["post-5241","page","type-page","status-publish","hentry"],"acf":[],"yoast_head":"<!-- This site is optimized with the Yoast SEO plugin v26.1.1 - https:\/\/yoast.com\/wordpress\/plugins\/seo\/ -->\n<title>Po\u013enohospod\u00e1rska v\u00fdroba v jednej aplik\u00e1cii - farmerJoe<\/title>\n<meta name=\"description\" content=\"S pomocou na\u0161ej komunika\u010dnej a analytickej aplik\u00e1cie farmerJoe podporujeme spolo\u010dnosti, po\u013enohospod\u00e1rov a laborat\u00f3ri\u00e1 po celom svete.\" \/>\n<meta name=\"robots\" content=\"index, follow, max-snippet:-1, max-image-preview:large, max-video-preview:-1\" \/>\n<link rel=\"canonical\" href=\"https:\/\/farmerjoe.com\/sk\/\" \/>\n<meta property=\"og:locale\" content=\"sk_SK\" \/>\n<meta property=\"og:type\" content=\"article\" \/>\n<meta property=\"og:title\" content=\"Po\u013enohospod\u00e1rska v\u00fdroba v jednej aplik\u00e1cii - farmerJoe\" \/>\n<meta property=\"og:description\" content=\"S pomocou na\u0161ej komunika\u010dnej a analytickej aplik\u00e1cie farmerJoe podporujeme spolo\u010dnosti, po\u013enohospod\u00e1rov a laborat\u00f3ri\u00e1 po celom svete.\" \/>\n<meta property=\"og:url\" content=\"https:\/\/farmerjoe.com\/sk\/\" \/>\n<meta property=\"og:site_name\" content=\"farmerJoe - Agrarproduktion in einer App\" \/>\n<meta property=\"article:publisher\" content=\"https:\/\/www.facebook.com\/farmerjoecom\/\" \/>\n<meta property=\"article:modified_time\" content=\"2023-08-09T17:46:04+00:00\" \/>\n<meta property=\"og:image\" content=\"https:\/\/farmerjoe.com\/wp-content\/uploads\/2022\/01\/Logo.png\" \/>\n\t<meta property=\"og:image:width\" content=\"508\" \/>\n\t<meta property=\"og:image:height\" content=\"508\" \/>\n\t<meta property=\"og:image:type\" content=\"image\/png\" \/>\n<meta name=\"twitter:card\" content=\"summary_large_image\" \/>\n<script type=\"application\/ld+json\" class=\"yoast-schema-graph\">{\"@context\":\"https:\/\/schema.org\",\"@graph\":[{\"@type\":\"WebPage\",\"@id\":\"https:\/\/farmerjoe.com\/sk\/\",\"url\":\"https:\/\/farmerjoe.com\/sk\/\",\"name\":\"Po\u013enohospod\u00e1rska v\u00fdroba v jednej aplik\u00e1cii - farmerJoe\",\"isPartOf\":{\"@id\":\"https:\/\/farmerjoe.com\/sk\/#website\"},\"datePublished\":\"2022-02-02T15:01:19+00:00\",\"dateModified\":\"2023-08-09T17:46:04+00:00\",\"description\":\"S pomocou na\u0161ej komunika\u010dnej a analytickej aplik\u00e1cie farmerJoe podporujeme spolo\u010dnosti, po\u013enohospod\u00e1rov a laborat\u00f3ri\u00e1 po celom svete.\",\"breadcrumb\":{\"@id\":\"https:\/\/farmerjoe.com\/sk\/#breadcrumb\"},\"inLanguage\":\"sk-SK\",\"potentialAction\":[{\"@type\":\"ReadAction\",\"target\":[\"https:\/\/farmerjoe.com\/sk\/\"]}]},{\"@type\":\"BreadcrumbList\",\"@id\":\"https:\/\/farmerjoe.com\/sk\/#breadcrumb\",\"itemListElement\":[{\"@type\":\"ListItem\",\"position\":1,\"name\":\"Startseite\",\"item\":\"https:\/\/farmerjoe.com\/sk\/\"},{\"@type\":\"ListItem\",\"position\":2,\"name\":\"Domovsk\u00e1 str\u00e1nka\"}]},{\"@type\":\"WebSite\",\"@id\":\"https:\/\/farmerjoe.com\/sk\/#website\",\"url\":\"https:\/\/farmerjoe.com\/sk\/\",\"name\":\"farmerJoe - Agrarproduktion in einer App\",\"description\":\"farmerJoe App f\u00fcr Agrarproduktion\",\"publisher\":{\"@id\":\"https:\/\/farmerjoe.com\/sk\/#organization\"},\"potentialAction\":[{\"@type\":\"SearchAction\",\"target\":{\"@type\":\"EntryPoint\",\"urlTemplate\":\"https:\/\/farmerjoe.com\/sk\/?s={search_term_string}\"},\"query-input\":{\"@type\":\"PropertyValueSpecification\",\"valueRequired\":true,\"valueName\":\"search_term_string\"}}],\"inLanguage\":\"sk-SK\"},{\"@type\":\"Organization\",\"@id\":\"https:\/\/farmerjoe.com\/sk\/#organization\",\"name\":\"farmerJoe App\",\"url\":\"https:\/\/farmerjoe.com\/sk\/\",\"logo\":{\"@type\":\"ImageObject\",\"inLanguage\":\"sk-SK\",\"@id\":\"https:\/\/farmerjoe.com\/sk\/#\/schema\/logo\/image\/\",\"url\":\"https:\/\/farmerjoe.com\/wp-content\/uploads\/2021\/12\/farmerjoe-logo.svg\",\"contentUrl\":\"https:\/\/farmerjoe.com\/wp-content\/uploads\/2021\/12\/farmerjoe-logo.svg\",\"width\":289,\"height\":49,\"caption\":\"farmerJoe App\"},\"image\":{\"@id\":\"https:\/\/farmerjoe.com\/sk\/#\/schema\/logo\/image\/\"},\"sameAs\":[\"https:\/\/www.facebook.com\/farmerjoecom\/\",\"https:\/\/www.instagram.com\/farmerjoecom\/\",\"https:\/\/www.linkedin.com\/company\/18882521\/\",\"https:\/\/www.youtube.com\/channel\/UCVlFJOU-LFLlA6xOwsAy6kQ\"]}]}<\/script>\n<!-- \/ Yoast SEO plugin. -->","yoast_head_json":{"title":"Po\u013enohospod\u00e1rska v\u00fdroba v jednej aplik\u00e1cii - farmerJoe","description":"S pomocou na\u0161ej komunika\u010dnej a analytickej aplik\u00e1cie farmerJoe podporujeme spolo\u010dnosti, po\u013enohospod\u00e1rov a laborat\u00f3ri\u00e1 po celom svete.","robots":{"index":"index","follow":"follow","max-snippet":"max-snippet:-1","max-image-preview":"max-image-preview:large","max-video-preview":"max-video-preview:-1"},"canonical":"https:\/\/farmerjoe.com\/sk\/","og_locale":"sk_SK","og_type":"article","og_title":"Po\u013enohospod\u00e1rska v\u00fdroba v jednej aplik\u00e1cii - farmerJoe","og_description":"S pomocou na\u0161ej komunika\u010dnej a analytickej aplik\u00e1cie farmerJoe podporujeme spolo\u010dnosti, po\u013enohospod\u00e1rov a laborat\u00f3ri\u00e1 po celom svete.","og_url":"https:\/\/farmerjoe.com\/sk\/","og_site_name":"farmerJoe - Agrarproduktion in einer App","article_publisher":"https:\/\/www.facebook.com\/farmerjoecom\/","article_modified_time":"2023-08-09T17:46:04+00:00","og_image":[{"width":508,"height":508,"url":"https:\/\/farmerjoe.com\/wp-content\/uploads\/2022\/01\/Logo.png","type":"image\/png"}],"twitter_card":"summary_large_image","schema":{"@context":"https:\/\/schema.org","@graph":[{"@type":"WebPage","@id":"https:\/\/farmerjoe.com\/sk\/","url":"https:\/\/farmerjoe.com\/sk\/","name":"Po\u013enohospod\u00e1rska v\u00fdroba v jednej aplik\u00e1cii - farmerJoe","isPartOf":{"@id":"https:\/\/farmerjoe.com\/sk\/#website"},"datePublished":"2022-02-02T15:01:19+00:00","dateModified":"2023-08-09T17:46:04+00:00","description":"S pomocou na\u0161ej komunika\u010dnej a analytickej aplik\u00e1cie farmerJoe podporujeme spolo\u010dnosti, po\u013enohospod\u00e1rov a laborat\u00f3ri\u00e1 po celom svete.","breadcrumb":{"@id":"https:\/\/farmerjoe.com\/sk\/#breadcrumb"},"inLanguage":"sk-SK","potentialAction":[{"@type":"ReadAction","target":["https:\/\/farmerjoe.com\/sk\/"]}]},{"@type":"BreadcrumbList","@id":"https:\/\/farmerjoe.com\/sk\/#breadcrumb","itemListElement":[{"@type":"ListItem","position":1,"name":"Startseite","item":"https:\/\/farmerjoe.com\/sk\/"},{"@type":"ListItem","position":2,"name":"Domovsk\u00e1 str\u00e1nka"}]},{"@type":"WebSite","@id":"https:\/\/farmerjoe.com\/sk\/#website","url":"https:\/\/farmerjoe.com\/sk\/","name":"farmerJoe - Agrarproduktion in einer App","description":"farmerJoe App f\u00fcr Agrarproduktion","publisher":{"@id":"https:\/\/farmerjoe.com\/sk\/#organization"},"potentialAction":[{"@type":"SearchAction","target":{"@type":"EntryPoint","urlTemplate":"https:\/\/farmerjoe.com\/sk\/?s={search_term_string}"},"query-input":{"@type":"PropertyValueSpecification","valueRequired":true,"valueName":"search_term_string"}}],"inLanguage":"sk-SK"},{"@type":"Organization","@id":"https:\/\/farmerjoe.com\/sk\/#organization","name":"farmerJoe App","url":"https:\/\/farmerjoe.com\/sk\/","logo":{"@type":"ImageObject","inLanguage":"sk-SK","@id":"https:\/\/farmerjoe.com\/sk\/#\/schema\/logo\/image\/","url":"https:\/\/farmerjoe.com\/wp-content\/uploads\/2021\/12\/farmerjoe-logo.svg","contentUrl":"https:\/\/farmerjoe.com\/wp-content\/uploads\/2021\/12\/farmerjoe-logo.svg","width":289,"height":49,"caption":"farmerJoe App"},"image":{"@id":"https:\/\/farmerjoe.com\/sk\/#\/schema\/logo\/image\/"},"sameAs":["https:\/\/www.facebook.com\/farmerjoecom\/","https:\/\/www.instagram.com\/farmerjoecom\/","https:\/\/www.linkedin.com\/company\/18882521\/","https:\/\/www.youtube.com\/channel\/UCVlFJOU-LFLlA6xOwsAy6kQ"]}]}},"_links":{"self":[{"href":"https:\/\/farmerjoe.com\/sk\/wp-json\/wp\/v2\/pages\/5241","targetHints":{"allow":["GET"]}}],"collection":[{"href":"https:\/\/farmerjoe.com\/sk\/wp-json\/wp\/v2\/pages"}],"about":[{"href":"https:\/\/farmerjoe.com\/sk\/wp-json\/wp\/v2\/types\/page"}],"author":[{"embeddable":true,"href":"https:\/\/farmerjoe.com\/sk\/wp-json\/wp\/v2\/users\/1"}],"replies":[{"embeddable":true,"href":"https:\/\/farmerjoe.com\/sk\/wp-json\/wp\/v2\/comments?post=5241"}],"version-history":[{"count":5,"href":"https:\/\/farmerjoe.com\/sk\/wp-json\/wp\/v2\/pages\/5241\/revisions"}],"predecessor-version":[{"id":11155,"href":"https:\/\/farmerjoe.com\/sk\/wp-json\/wp\/v2\/pages\/5241\/revisions\/11155"}],"wp:attachment":[{"href":"https:\/\/farmerjoe.com\/sk\/wp-json\/wp\/v2\/media?parent=5241"}],"curies":[{"name":"wp","href":"https:\/\/api.w.org\/{rel}","templated":true}]}}